{"id":1501,"date":"2018-02-03T15:10:56","date_gmt":"2018-02-03T14:10:56","guid":{"rendered":"http:\/\/casabalata.it\/?page_id=1501"},"modified":"2019-05-17T12:50:44","modified_gmt":"2019-05-17T10:50:44","slug":"cookie-richtlinie","status":"publish","type":"page","link":"https:\/\/casabalata.it\/de\/cookie-policy\/","title":{"rendered":"Cookie-Politik"},"content":{"rendered":"<p style=\"text-align: center;\"><strong>Datenschutz &amp; Cookies Politik<\/strong><\/p>\n<p style=\"text-align: center;\">Datenschutz und Cookie-Richtlinie<\/p>\n<p style=\"text-align: center;\">Website-Verwaltungsmodus\u00a0<u><a href=\"https:\/\/casabalata.it\/de\/\">www.casabalata.it<\/a><\/u><\/p>\n<p><strong>VERARBEITUNG VON PERSONENBEZOGENEN DATEN.<\/strong><\/p>\n<p>Diese Informationen werden gem\u00e4\u00df der Europ\u00e4ischen Verordnung 679\/2016 zum Schutz nat\u00fcrlicher Personen bei der Verarbeitung personenbezogener Daten und zum freien Datenverkehr (im Folgenden auch Verordnung) f\u00fcr die Nutzer der Dienste unserer Website, die \u00fcber das Internet bereitgestellt werden, bereitgestellt. Die Informationen gelten nicht f\u00fcr andere Websites, die - jetzt oder in Zukunft - \u00fcber unsere Links zug\u00e4nglich sind, f\u00fcr die Casa Balata in keiner Weise verantwortlich ist.<\/p>\n<p><strong>DER F\u00dcR DIE DATENVERARBEITUNG VERANTWORTLICHE<\/strong><\/p>\n<p>Inhaber der personenbezogenen Daten, die im Anschluss an die Konsultation der Website verarbeitet werden, ist die Azienda Agricola Borgo Cannameli s.r.l. - via G. XXIII 170 - Agrigento (nachstehend Casa Balata genannt), die unter der folgenden E-Mail-Adresse kontaktiert werden kann: casabalata.ag@gmail.com<\/p>\n<p><strong>ORT, ZWECK UND \u00dcBERMITTLUNG DER DATEN<\/strong><\/p>\n<p>Die Verarbeitungen im Zusammenhang mit den Webdiensten dieser Website finden in den R\u00e4umlichkeiten von Casa Balata statt und werden von Angestellten und Mitarbeitern von Casa Balata durchgef\u00fchrt, die ordnungsgem\u00e4\u00df zur Durchf\u00fchrung solcher Verarbeitungen befugt sind. Die Verarbeitungen im Zusammenhang mit den Webdiensten dieser Website finden in den R\u00e4umlichkeiten des f\u00fcr die Datenverarbeitung Verantwortlichen statt.<br \/>\nDie Daten des Webdienstes werden nicht an Dritte weitergegeben, es sei denn, dies ist f\u00fcr den Zweck der Verarbeitung unbedingt erforderlich oder wird durch Gesetze oder Vorschriften vorgeschrieben.<br \/>\nDas Unternehmen Room Raccoon, das den Dienst der Verwaltung der Buchungsmaschine f\u00fcr das Haus Balata erbringt, stellt dem f\u00fcr die Verarbeitung Verantwortlichen die von der Website selbst erfassten Daten zur Verf\u00fcgung und verarbeitet sie gem\u00e4\u00df der europ\u00e4ischen Verordnung 679\/2016.<br \/>\nDie von der Website stammenden Daten d\u00fcrfen nur an die mit der Verwaltung der Website beauftragten Stellen und an die f\u00fcr die Erbringung der von den Nutzern angeforderten Dienstleistungen erforderlichen technischen und instrumentellen Partner weitergegeben werden.<br \/>\nDie Daten k\u00f6nnen an Personen weitergegeben werden, die ein Recht auf Zugang zu den Daten haben, und zwar unter ausdr\u00fccklicher Anerkennung der gesetzlichen Bestimmungen und\/oder sekund\u00e4ren Vorschriften. Personenbezogene Daten, die von Nutzern zur Verf\u00fcgung gestellt werden, die Informationsanfragen oder andere Mitteilungen \u00fcbermitteln, werden ausschlie\u00dflich zur Erbringung der angeforderten Dienstleistung oder Bereitstellung verwendet und nur dann an Dritte weitergegeben, wenn dies zu diesem Zweck erforderlich ist.<\/p>\n<p><strong>ARTEN VON VERARBEITETEN DATEN<\/strong><\/p>\n<p>Daten zur Navigation<br \/>\nDie f\u00fcr den Betrieb dieser Website erforderlichen Computersysteme und Softwareverfahren erfassen w\u00e4hrend der Navigation des Benutzers personenbezogene Daten, deren \u00dcbermittlung durch die Verwendung von Internet-Kommunikationsprotokollen implizit ist.<br \/>\nDiese Informationen werden nicht erhoben, um mit identifizierten Personen in Verbindung gebracht zu werden, sondern k\u00f6nnten aufgrund ihrer Beschaffenheit durch die Verarbeitung und Verkn\u00fcpfung mit Daten im Besitz von Dritten die Identifizierung des Nutzers erm\u00f6glichen.<br \/>\nZu dieser Datenkategorie geh\u00f6ren die IP-Adressen oder Dom\u00e4nennamen der von den Nutzern verwendeten Computer, die sich mit der Website verbinden, die URI-Adressen (Uniform Resource Identifier) der angeforderten Ressourcen, die Uhrzeit, die Art und Weise der \u00dcbermittlung der Anfrage an den Server, die Gr\u00f6\u00dfe der als Antwort erhaltenen Datei, der Zahlencode, der den Status der vom Server gegebenen Antwort angibt (erfolgreich, Fehler usw.) sowie alle anderen Parameter, die mit dem Betriebssystem und der Computerplattform des Nutzers zusammenh\u00e4ngen.<br \/>\nDiese Daten werden ausschlie\u00dflich dazu verwendet, anonyme statistische Informationen \u00fcber die Nutzung der Website zu erhalten und ihr ordnungsgem\u00e4\u00dfes Funktionieren zu \u00fcberpr\u00fcfen, und werden sofort nach der Verarbeitung gel\u00f6scht. Diese Daten k\u00f6nnten zur Feststellung der Verantwortlichkeit im Falle hypothetischer Computerstraftaten gegen die Website verwendet werden.<\/p>\n<p><strong>VOM NUTZER FREIWILLIG ZUR VERF\u00dcGUNG GESTELLTE DATEN<\/strong><\/p>\n<p>Das spontane, ausdr\u00fcckliche und freiwillige Versenden von elektronischer Post an die auf der Website angegebenen Adressen hat zur Folge, dass die Adresse des Absenders, die f\u00fcr die Beantwortung der Anfragen erforderlich ist, sowie alle anderen eingegebenen personenbezogenen Daten erfasst werden. SICHERE BUCHUNGEN Wenn Sie auf dieser Website eine Buchung vornehmen, werden Sie mit einer Buchungsschnittstelle und einer Buchungsmaschine verbunden, die von unserem Partner f\u00fcr Buchungsmanagementsysteme, Room Raccoon, bereitgestellt werden. Da wir die Sicherheit als grundlegenden und wichtigsten Faktor f\u00fcr unsere Online-Kunden betrachten, haben wir unseren Partner f\u00fcr die Buchungsmaschine bewusst und sorgf\u00e4ltig ausgew\u00e4hlt. Alle Informationen, die in einer SSL-Sitzung an diese Website gesendet werden, sind verschl\u00fcsselt und vor der Weitergabe an Dritte gesch\u00fctzt.<\/p>\n<p><strong>MODALIT\u00c4TEN, DAUER DER DATENVERARBEITUNG UND -SPEICHERUNG<\/strong><\/p>\n<p>Personenbezogene Daten werden durch manuelle und automatisierte Mittel verarbeitet, in \u00dcbereinstimmung mit den Anforderungen der Verordnung. Casa Balata, in voller \u00dcbereinstimmung mit Art. 5.1 e) der GDPR, wird die von Ihnen auf der Website zur Verf\u00fcgung gestellten Daten f\u00fcr die gesamte Dauer der angeforderten Dienstleistungen verarbeiten. Diese Daten werden nur so lange aufbewahrt, wie es zur Erreichung des Zwecks, f\u00fcr den sie erhoben wurden, erforderlich ist, es sei denn, dies ist gesetzlich vorgeschrieben. Danach werden die personenbezogenen Daten gel\u00f6scht. F\u00fcr Cookies, die von Dritten verwaltet werden, gelten die in den jeweiligen Cookie-Richtlinien angegebenen Laufzeiten.<br \/>\nDurch geeignete und vorbeugende Sicherheitsma\u00dfnahmen werden die zu verarbeitenden personenbezogenen Daten so gespeichert, dass das Risiko der Zerst\u00f6rung oder des Verlusts, auch zuf\u00e4lliger Art, der Daten selbst, des unbefugten Zugriffs oder einer nicht zul\u00e4ssigen oder nicht dem Erhebungszweck entsprechenden Verarbeitung minimiert wird.<br \/>\nDie Rechtsgrundlage f\u00fcr die Verarbeitung personenbezogener Daten ist die Erbringung einer Dienstleistung oder die Beantwortung einer Anfrage im Namen der betroffenen Person.<\/p>\n<p><strong>\u00dcBERMITTLUNG VON DATEN INS AUSLAND<\/strong><\/p>\n<p>Ihre personenbezogenen Daten werden von dem f\u00fcr die Verarbeitung Verantwortlichen auf dem Gebiet der Europ\u00e4ischen Union verarbeitet.<\/p>\n<p>Sollte es aus technischen, betrieblichen oder marketingtechnischen Gr\u00fcnden notwendig sein, auf Einrichtungen au\u00dferhalb der Europ\u00e4ischen Union zur\u00fcckzugreifen oder einen Teil der erhobenen Daten an technische Systeme und Dienste zu \u00fcbertragen, die in der Cloud verwaltet werden und sich au\u00dferhalb des Gebiets der Europ\u00e4ischen Union befinden, wird die Verarbeitung im Einklang mit Kapitel V der Verordnung geregelt und auf der Grundlage spezifischer Beschl\u00fcsse der Europ\u00e4ischen Union genehmigt. Daher werden alle erforderlichen Vorkehrungen getroffen, um einen m\u00f6glichst umfassenden Schutz personenbezogener Daten zu gew\u00e4hrleisten, und zwar auf der Grundlage von: a) Angemessenheitsbeschl\u00fcssen der Europ\u00e4ischen Kommission; b) angemessenen Garantien des dritten Empf\u00e4ngers gem\u00e4\u00df Artikel 46 der Verordnung; c) der Annahme verbindlicher unternehmensinterner Vorschriften.<\/p>\n<p><strong>RECHTE DER BETROFFENEN PARTEIEN<\/strong><\/p>\n<ul>\n<li>Recht auf Auskunft (Art. 15 DSGVO). Das Recht der betroffenen Person, Auskunft \u00fcber ihre Daten zu erhalten und sich bei der Aufsichtsbeh\u00f6rde zu beschweren;<br \/>\n- Recht auf Berichtigung (Art. 16 GDPR). Recht der betroffenen Person, von dem f\u00fcr die Verarbeitung Verantwortlichen die Berichtigung sie betreffender unzutreffender personenbezogener Daten zu verlangen;<br \/>\n- Recht auf L\u00f6schung (Recht auf Vergessenwerden) (Art. 17 GDPR). Die betroffene Person hat das Recht, von dem f\u00fcr die Verarbeitung Verantwortlichen die unverz\u00fcgliche L\u00f6schung der sie betreffenden personenbezogenen Daten zu verlangen;<br \/>\n- Recht auf Einschr\u00e4nkung der Verarbeitung (Art. 18 GDPR). Recht der betroffenen Person, eine Einschr\u00e4nkung der Datenverarbeitung zu erwirken;<br \/>\n- Meldepflicht (Art. 19 GDPR). Der f\u00fcr die Verarbeitung Verantwortliche unterrichtet alle Empf\u00e4nger, denen personenbezogene Daten \u00fcbermittelt wurden, \u00fcber die Berichtigung, L\u00f6schung oder Einschr\u00e4nkung der Verarbeitung gem\u00e4\u00df den Artikeln 16, 17 und 18;<br \/>\n- Recht auf Daten\u00fcbertragbarkeit (Art. 20 GDPR). Die betroffene Person hat das Recht, die sie betreffenden personenbezogenen Daten, die dem f\u00fcr die Verarbeitung Verantwortlichen zur Verf\u00fcgung gestellt wurden, zu erhalten und hat das Recht, diese Daten ohne Behinderung durch den f\u00fcr die Verarbeitung Verantwortlichen an einen anderen f\u00fcr die Verarbeitung Verantwortlichen zu \u00fcbermitteln;<br \/>\n- Widerspruchsrecht (Art. 21 GDPR). Recht der betroffenen Person auf Widerspruch gegen die Verarbeitung ihrer personenbezogenen Daten;<br \/>\n- Profiling (Art. 22 GDPR). Die betroffene Person hat das Recht, nicht einer ausschlie\u00dflich auf einer automatisierten Verarbeitung beruhenden Entscheidung unterworfen zu werden, die ein Profiling beinhaltet oder ihre Person erheblich beeintr\u00e4chtigt.<\/li>\n<\/ul>\n<p>Im Zusammenhang mit der Verarbeitung personenbezogener Daten kann sich die betroffene Person an den f\u00fcr die Verarbeitung Verantwortlichen wenden, indem sie sich schriftlich an die E-Mail-Adresse wendet:\u00a0<u><a href=\"mailto:casabalata.ag@gmail.com\">casabalata.ag@gmail.com<\/a><\/u>Sie k\u00f6nnen insbesondere Auskunft, Berichtigung, Aktualisierung, Sperrung, Widerruf der Einwilligung nach geltendem Recht, Einschr\u00e4nkung der Verarbeitung, Daten\u00fcbertragbarkeit und L\u00f6schung von Daten verlangen. Schlie\u00dflich erinnern wir Sie daran, dass Sie das Recht haben, eine Beschwerde bei der Aufsichtsbeh\u00f6rde einzureichen, die Sie unter folgender Adresse erreichen k\u00f6nnen\u00a0<a href=\"mailto:garante@gpdp.it\">garante@gpdp.it<\/a>\u00a0oder \u00fcber die\u00a0<a href=\"http:\/\/www.gpdp.it\/\">http:\/\/www.gpdp.it<\/a>.<\/p>\n<p><strong>COOKIES-POLITIK<\/strong><\/p>\n<p>Die Website verwendet Cookies und andere Technologien, um das ordnungsgem\u00e4\u00dfe Funktionieren der Verfahren zu gew\u00e4hrleisten und die Nutzung der Anwendungen zu verbessern. Cookies sind Textdateien, die auf der Festplatte eines Computers gespeichert werden. Die Funktion von Cookies besteht darin, die Analyse des Web-Verkehrs zu rationalisieren und\/oder anzuzeigen, wann eine bestimmte Website besucht wird, und es Web-Anwendungen zu erm\u00f6glichen, Informationen an einzelne Nutzer zu senden.<\/p>\n<p>Haus Balata verwendet:<\/p>\n<ul>\n<li><strong> Technische\" Cookies<\/strong><br \/>\nFunktionale Browsing-Cookies, die die sichere und vollst\u00e4ndige Erkundung der Website gew\u00e4hrleisten. Zu dieser Kategorie geh\u00f6ren dauerhafte Cookies und Sitzungscookies. Ohne diese Cookies kann die Website oder ein Teil davon nicht richtig funktionieren. Sie werden immer verwendet, unabh\u00e4ngig von den Pr\u00e4ferenzen des Nutzers. Cookies dieser Art werden immer von unserer Dom\u00e4ne gesendet. Die Dauer dieser Cookies ist streng auf die Arbeitssitzung beschr\u00e4nkt oder sie verwenden eine l\u00e4ngere Verweildauer, um sich die Entscheidungen des Besuchers zu merken. Die Deaktivierung der unbedingt erforderlichen Cookies kann die Benutzer- und Browsererfahrung auf der Website beeintr\u00e4chtigen.<\/li>\n<li><strong> Analytische\" Cookies<\/strong><br \/>\nCookies, die zur anonymen Erfassung und Analyse von Website-Verkehr und -Nutzung verwendet werden. Dabei handelt es sich um Cookies von Dritten, die anonym gesammelt und verwaltet werden, um die Leistung der Host-Site zu \u00fcberwachen und zu verbessern (Leistungs-Cookies). Diese Cookies identifizieren zwar nicht den Nutzer, erm\u00f6glichen es uns aber festzustellen, ob derselbe Nutzer zu verschiedenen Zeiten wiederkehrt. Sie erm\u00f6glichen auch die \u00dcberwachung des Systems und die Verbesserung seiner Leistung und Benutzerfreundlichkeit. Diese Cookies k\u00f6nnen ohne Funktionseinbu\u00dfen deaktiviert werden. Weitere Informationen \u00fcber die Cookie-Richtlinie von Google finden Sie unter dem unten stehenden Link:\u00a0<a href=\"http:\/\/www.google.com\/intl\/it_ALL\/analytics\/learn\/privacy.html\">http:\/\/www.google.com\/intl\/it_ALL\/analytics\/learn\/privacy.html<\/a><\/li>\n<\/ul>\n<p>Sie k\u00f6nnen die Aktion von Google Analytics selektiv deaktivieren, indem Sie die von Google bereitgestellte Opt-out-Komponente in Ihrem Browser installieren. Um die Aktion von Google Analytics zu deaktivieren, klicken Sie bitte auf den unten stehenden Link:\u00a0<a href=\"https:\/\/tools.google.com\/dlpage\/gaoptout\">https:\/\/tools.google.com\/dlpage\/gaoptout<\/a><\/p>\n<ul>\n<li><strong> Social Plugin\"-Cookies von Drittanbietern<\/strong>:<br \/>\nWenn Sie eine Website besuchen, erhalten Sie m\u00f6glicherweise Cookies entweder von der von Ihnen besuchten Website (\"Eigent\u00fcmer\") oder von Websites, die von anderen Organisationen betrieben werden (\"Dritte\"). Dabei handelt es sich um Teile der besuchten Seite, die direkt von diesen Websites generiert und in die Seite der Host-Site integriert werden. Die h\u00e4ufigste Verwendung von Social Plugins ist das Teilen von Inhalten in sozialen Netzwerken. Das Vorhandensein dieser Plugins beinhaltet die \u00dcbertragung von Cookies zu und von allen Websites, die von Dritten betrieben werden. Die Verwaltung der von \"Dritten\" gesammelten Informationen wird durch die entsprechenden Richtlinien geregelt, auf die wir Sie verweisen.<\/li>\n<\/ul>\n<p>Aus Gr\u00fcnden der Transparenz und der Bequemlichkeit sind die Webadressen der verschiedenen Richtlinien und Cookie-Verwaltungsmethoden nachstehend aufgef\u00fchrt.<br \/>\nTrip Advisor:\u00a0<a href=\"https:\/\/www.tripadvisor.it\/CookiePolicy\">https:\/\/www.tripadvisor.it\/CookiePolicy<\/a><br \/>\nInstagram:\u00a0<a href=\"https:\/\/help.instagram.com\/1896641480634370?ref=ig\">https:\/\/help.instagram.com\/1896641480634370?ref=ig<\/a><br \/>\nFacebook:\u00a0<a href=\"https:\/\/it-it.facebook.com\/policies\/cookies\/\">https:\/\/it-it.facebook.com\/policies\/cookies\/<\/a><br \/>\nYou Tube:\u00a0<a href=\"https:\/\/policies.google.com\/technologies\/cookies?hl=it\">https:\/\/policies.google.com\/technologies\/cookies?hl=it<\/a><\/p>\n<p><strong>Werbe-Cookies (Remarketing, Segmentierung und Targeting) von Google und Facebook<\/strong><br \/>\nCookies, deren Zweck es ist, dem Nutzer Werbefl\u00e4chen zur Verf\u00fcgung zu stellen, die von Dritten installiert werden k\u00f6nnen. Einige werden verwendet, um einzelne Anzeigen zu erkennen und um zu wissen, welche Anzeigen wann angezeigt wurden, so dass beim Besuch anderer angeschlossener Websites auf der Grundlage des Browserverlaufs des Nutzers Banner und\/oder Anzeigen f\u00fcr bestimmte Produkte erscheinen k\u00f6nnen. Die Nutzer erhalten eine technische Kennung, aber unter keinen Umst\u00e4nden werden pers\u00f6nliche Identifikationsdaten wie der Name oder die Adresse des Nutzers erfasst.<\/p>\n<p>Andere Werbe-Cookies werden verwendet, um ein \"Profil\" des Nutzers zu erstellen, um ihm Werbebotschaften vorschlagen zu k\u00f6nnen, die seinem Verhalten und seinen Interessen im Internet entsprechen. Dieses \"Profil\" ist anonym, und die durch diese Cookies gesammelten Informationen lassen keine R\u00fcckschl\u00fcsse auf die Identit\u00e4t des Nutzers zu.<\/p>\n<p>Insbesondere die Verwendung von \"<strong>Google Analytics<\/strong>\" und \"<strong>Facebook-Anzeigen<\/strong>\"einschlie\u00dflich der so genannten 'Werbefunktion'.<\/p>\n<p>Hierbei handelt es sich um einen Webanalysedienst von Google und Facebook, die analytische Cookies verwenden, die auf dem Computer des Nutzers installiert werden, um statistische Analysen in aggregierter Form \u00fcber die Nutzung der besuchten Website durchzuf\u00fchren und um die Erstellung von Profilen der Besucher der Websites (die durch \"Tracking-Cookies\" identifiziert werden) auf der Grundlage der in ihren \"Werbe-Cookies\" enthaltenen Informationen zu erm\u00f6glichen, die sich auf drei Kategorien beziehen: Altersgruppe, Geschlecht, Marketingsegmente.<\/p>\n<p>Auf der Webseite\u00a0<a href=\"https:\/\/www.google.com\/analytics\/learn\/privacy.html?hl=it\">https:\/\/www.google.com\/analytics\/learn\/privacy.html?hl=it<\/a>\u00a0Weitere Informationen \u00fcber den Google-Dienst finden Sie hier.<br \/>\nAuf der Webseite\u00a0<a href=\"https:\/\/tripadvisor.mediaroom.com\/IT-privacy-policy\">https:\/\/tripadvisor.mediaroom.com\/IT-privacy-policy<\/a>\u00a0finden Sie weitere Informationen \u00fcber den TripAdvisor-Service.<br \/>\nAuf der Webseite\u00a0<a href=\"https:\/\/it-it.facebook.com\/privacy\/explanation\">https:\/\/it-it.facebook.com\/privacy\/explanation<\/a>\u00a0finden Sie weitere Informationen \u00fcber den Facebook-Dienst.<br \/>\nDie Datenschutzbestimmungen von Google,\u00a0<a href=\"http:\/\/www.google.com\/intl\/it\/policies\/privacy\/\">http:\/\/www.google.com\/intl\/it\/policies\/privacy\/<\/a>regelt die Verarbeitung personenbezogener Daten von Nutzern, die Produkte und Dienste von Google verwenden. Die Datenschutzbestimmungen der Google Inc. als eigenst\u00e4ndiger Datenverantwortlicher des Google Analytics-Dienstes finden Sie unter dem folgenden Link:\u00a0<a href=\"http:\/\/www.google.com\/intl\/it\/analytics\/privacyoverview.html\">http:\/\/www.google.com\/intl\/it\/analytics\/privacyoverview.html<\/a>\u00a0Die Liste der von Google Analytics verwendeten Cookies finden Sie unter der folgenden Adresse:\u00a0<a href=\"https:\/\/developers.google.com\/analytics\/devguides\/collection\/analyticsjs\/cookie-usage\">https:\/\/developers.google.com\/analytics\/devguides\/collection\/analyticsjs\/cookie-usage<\/a>.<\/p>\n<p>Die Nutzer k\u00f6nnen \u00fcber die Einstellungen ihres Browsers entscheiden, ob sie Cookies akzeptieren oder nicht.<\/p>\n<p><strong>VOLLST\u00c4NDIGE ODER TEILWEISE DEAKTIVIERUNG VON COOKIES<\/strong><\/p>\n<p>Die vollst\u00e4ndige oder teilweise Deaktivierung von technischen Cookies kann die Nutzung der den registrierten Benutzern vorbehaltenen Funktionen der Website beeintr\u00e4chtigen. Die Nutzbarkeit der \u00f6ffentlichen Inhalte ist auch durch die vollst\u00e4ndige Deaktivierung von Cookies m\u00f6glich. Die Deaktivierung von \"Drittanbieter\"- oder Profilierungs-Cookies hat keinen Einfluss auf die Navigationsf\u00e4higkeit der Website. Die Einstellung kann speziell f\u00fcr verschiedene Websites und Webanwendungen festgelegt werden. Die besten Browser erlauben es, unterschiedliche Einstellungen f\u00fcr \"eigene\" und \"fremde\" Cookies zu definieren. Im Folgenden geben wir an, wie die Deaktivierung von Cookies in einigen Browsern erfolgen kann.<br \/>\n<strong>Google Chrome<\/strong><br \/>\n1. W\u00e4hlen Sie das Chrome-Men\u00fc-Symbol.<br \/>\n2. W\u00e4hlen Sie Einstellungen.<br \/>\n3. W\u00e4hlen Sie unten auf der Seite die Option Erweiterte Einstellungen anzeigen.<br \/>\n4. W\u00e4hlen Sie im Abschnitt \"Datenschutz\" die Option \"Inhaltseinstellungen\".<br \/>\n5. W\u00e4hlen Sie Standorte am Einstellen von Daten hindern.<br \/>\n6. W\u00e4hlen Sie Fertigstellen.<br \/>\n<strong>Safari<\/strong><br \/>\n1. Gehen Sie zum Men\u00fc \"Safari\" (Symbol oben rechts im Browser) und w\u00e4hlen Sie \"Einstellungen\".<br \/>\n2. W\u00e4hlen Sie in dem sich \u00f6ffnenden Pop-up-Fenster das Sicherheitssymbol (in Form eines Vorh\u00e4ngeschlosses).<br \/>\n3. W\u00e4hlen Sie unter \"Cookies akzeptieren\" die Schaltfl\u00e4che \"Nie\".<br \/>\n<strong>Firefox<\/strong><br \/>\n1. Klicken Sie auf die Men\u00fctaste und w\u00e4hlen Sie Optionen.<br \/>\n2. W\u00e4hlen Sie das Feld Datenschutz.<br \/>\n3. W\u00e4hlen Sie unter Verlaufseinstellungen: Benutzerdefinierte Einstellungen verwenden.<br \/>\n4. Um Cookies zu aktivieren, markieren Sie den Punkt Cookies von Websites akzeptieren; um sie zu deaktivieren, deaktivieren Sie den Punkt.<br \/>\n<strong>Entdecker<\/strong><br \/>\n1. Gehen Sie zum Men\u00fc Explorer und klicken Sie auf die Schaltfl\u00e4che Einstellungen und dann auf Erweiterte Optionen.<br \/>\n2. Klicken Sie auf die Registerkarte Cookies, bewegen Sie den Schieberegler nach oben, um alle Cookies zu blockieren, oder nach unten, um alle Cookies zuzulassen, und klicken Sie dann auf OK.<\/p>\n<p><strong>FAKULTATIVE BEREITSTELLUNG VON DATEN<\/strong><\/p>\n<p>Abgesehen von den Angaben zu den Navigationsdaten steht es dem Nutzer frei, personenbezogene Daten zu \u00fcbermitteln, um die vom Unternehmen angebotenen Dienstleistungen anzufordern. Die Nichtbereitstellung dieser Daten kann dazu f\u00fchren, dass die angeforderte Dienstleistung nicht erbracht werden kann.<\/p>","protected":false},"excerpt":{"rendered":"<p>Privacy &amp; Cookies Policy Informativa sulla Privacy e cookies policy Modalit\u00e0 di gestione del sito internet\u00a0www.casabalata.it TRATTAMENTO DEI DATI PERSONALI. [&hellip;]<\/p>\n","protected":false},"author":8,"featured_media":0,"parent":0,"menu_order":0,"comment_status":"closed","ping_status":"closed","template":"","meta":{"_acf_changed":false,"_seopress_robots_primary_cat":"","_seopress_titles_title":"Cookie Policy | %%sitetitle%%","_seopress_titles_desc":"","_seopress_robots_index":"","iawp_total_views":29,"footnotes":""},"class_list":["post-1501","page","type-page","status-publish","hentry"],"acf":[],"_links":{"self":[{"href":"https:\/\/casabalata.it\/de\/wp-json\/wp\/v2\/pages\/1501","targetHints":{"allow":["GET"]}}],"collection":[{"href":"https:\/\/casabalata.it\/de\/wp-json\/wp\/v2\/pages"}],"about":[{"href":"https:\/\/casabalata.it\/de\/wp-json\/wp\/v2\/types\/page"}],"author":[{"embeddable":true,"href":"https:\/\/casabalata.it\/de\/wp-json\/wp\/v2\/users\/8"}],"replies":[{"embeddable":true,"href":"https:\/\/casabalata.it\/de\/wp-json\/wp\/v2\/comments?post=1501"}],"version-history":[{"count":2,"href":"https:\/\/casabalata.it\/de\/wp-json\/wp\/v2\/pages\/1501\/revisions"}],"predecessor-version":[{"id":2598,"href":"https:\/\/casabalata.it\/de\/wp-json\/wp\/v2\/pages\/1501\/revisions\/2598"}],"wp:attachment":[{"href":"https:\/\/casabalata.it\/de\/wp-json\/wp\/v2\/media?parent=1501"}],"curies":[{"name":"wp","href":"https:\/\/api.w.org\/{rel}","templated":true}]}}