{"id":1501,"date":"2018-02-03T15:10:56","date_gmt":"2018-02-03T14:10:56","guid":{"rendered":"http:\/\/casabalata.it\/?page_id=1501"},"modified":"2019-05-17T12:50:44","modified_gmt":"2019-05-17T10:50:44","slug":"politica-de-cookies","status":"publish","type":"page","link":"https:\/\/casabalata.it\/es\/cookie-policy\/","title":{"rendered":"Pol\u00edtica de cookies"},"content":{"rendered":"<p style=\"text-align: center;\"><strong>Pol\u00edtica de privacidad y cookies<\/strong><\/p>\n<p style=\"text-align: center;\">Pol\u00edtica de privacidad y cookies<\/p>\n<p style=\"text-align: center;\">Modo de gesti\u00f3n del sitio web\u00a0<u><a href=\"https:\/\/casabalata.it\/es\/\">www.casabalata.it<\/a><\/u><\/p>\n<p><strong>TRATAMIENTO DE DATOS PERSONALES.<\/strong><\/p>\n<p>Esta informaci\u00f3n se proporciona de conformidad con el Reglamento Europeo 679\/2016, dictado sobre la protecci\u00f3n de las personas f\u00edsicas en lo que respecta al tratamiento de datos personales y a la libre circulaci\u00f3n de estos datos (en adelante tambi\u00e9n Reglamento) para los usuarios de los servicios de nuestro sitio, que se prestan a trav\u00e9s de internet. La informaci\u00f3n no se aplica a otros sitios web que puedan ser accesibles -ahora o en el futuro- a trav\u00e9s de nuestros enlaces, de los que Casa Balata no es en modo alguno responsable.<\/p>\n<p><strong>EL RESPONSABLE DEL TRATAMIENTO<\/strong><\/p>\n<p>El Responsable del tratamiento de los datos personales tratados tras la consulta del sitio es Azienda Agricola Borgo Cannameli s.r.l. - via G. XXIII 170 - Agrigento (en lo sucesivo, Casa Balata), que puede ser contactada en la siguiente direcci\u00f3n de correo electr\u00f3nico: casabalata.ag@gmail.com<\/p>\n<p><strong>LUGAR, FINALIDAD Y COMUNICACI\u00d3N DE LOS DATOS<\/strong><\/p>\n<p>Las operaciones de tratamiento relacionadas con los servicios web de este sitio tienen lugar en las oficinas de Casa Balata y son realizadas por empleados y colaboradores de Casa Balata debidamente autorizados para llevar a cabo dicho tratamiento. Las operaciones de tratamiento relacionadas con los servicios web de este sitio tienen lugar en la sede del responsable del tratamiento.<br \/>\nNing\u00fan dato del servicio web se revela a terceros a menos que sea estrictamente relevante para el prop\u00f3sito del tratamiento o lo exija la ley o la normativa.<br \/>\nLa empresa Room Raccoon, que presta el servicio de gesti\u00f3n del motor de reservas de la Casa Balata, pone a disposici\u00f3n del responsable del tratamiento los datos adquiridos de la propia web, trat\u00e1ndolos conforme al Reglamento Europeo 679\/2016.<br \/>\nLos datos derivados del Sitio s\u00f3lo podr\u00e1n comunicarse a las entidades encargadas de la gesti\u00f3n del Sitio y a los socios tecnol\u00f3gicos e instrumentales necesarios para la prestaci\u00f3n de los servicios solicitados por los usuarios.<br \/>\nLos datos podr\u00e1n comunicarse a las partes que tengan derecho a acceder a ellos mediante el reconocimiento expreso de las disposiciones legales y\/o de la normativa secundaria. Los datos personales facilitados por los usuarios que env\u00edan solicitudes de informaci\u00f3n u otras comunicaciones se utilizan \u00fanicamente para llevar a cabo el servicio o la prestaci\u00f3n solicitados y se comunican a terceros s\u00f3lo si es necesario para tal fin.<\/p>\n<p><strong>TIPOS DE DATOS TRATADOS<\/strong><\/p>\n<p>Datos de navegaci\u00f3n<br \/>\nLos sistemas inform\u00e1ticos y los procedimientos de software necesarios para el funcionamiento de este sitio web adquieren, durante la navegaci\u00f3n del usuario, datos personales cuya transmisi\u00f3n est\u00e1 impl\u00edcita en el uso de los protocolos de comunicaci\u00f3n de Internet.<br \/>\nEsta informaci\u00f3n no se recoge para ser asociada a interesados identificados, pero por su propia naturaleza podr\u00eda, mediante su tratamiento y asociaci\u00f3n con datos en poder de terceros, permitir la identificaci\u00f3n del usuario.<br \/>\nEsta categor\u00eda de datos incluye las direcciones IP o los nombres de dominio de los ordenadores utilizados por los usuarios que se conectan al sitio, las direcciones URI (Uniform Resource Identifier) de los recursos solicitados, la hora, el m\u00e9todo de env\u00edo de la solicitud al servidor, el tama\u00f1o del archivo obtenido como respuesta, el c\u00f3digo num\u00e9rico que indica el estado de la respuesta dada por el servidor (correcto, error, etc.) y cualquier otro par\u00e1metro relacionado con el sistema operativo y la plataforma inform\u00e1tica del usuario.<br \/>\nEstos datos se utilizan con el \u00fanico fin de obtener informaci\u00f3n estad\u00edstica an\u00f3nima sobre el uso del sitio y comprobar su correcto funcionamiento, y se eliminan inmediatamente despu\u00e9s de su tratamiento. Estos datos podr\u00edan utilizarse para determinar la responsabilidad en caso de hipot\u00e9ticos delitos inform\u00e1ticos contra el sitio.<\/p>\n<p><strong>DATOS FACILITADOS VOLUNTARIAMENTE POR EL USUARIO<\/strong><\/p>\n<p>El env\u00edo espont\u00e1neo, expl\u00edcito y voluntario de correo electr\u00f3nico a las direcciones indicadas en el sitio implica la posterior adquisici\u00f3n de la direcci\u00f3n del remitente, necesaria para responder a las solicitudes, as\u00ed como de cualquier otro dato personal introducido. RESERVAS SEGURAS Al realizar una reserva desde este sitio, se conectar\u00e1 a una interfaz de reservas y a un Motor de Reservas proporcionados por nuestro socio de sistemas de gesti\u00f3n de reservas, Room Raccoon. Dado que consideramos la seguridad un factor fundamental y primordial para nuestros clientes online, hemos elegido consciente y cuidadosamente a nuestro socio de Booking Engine. Toda la informaci\u00f3n enviada a este sitio en una sesi\u00f3n SSL est\u00e1 encriptada y protegida contra su divulgaci\u00f3n a terceros.<\/p>\n<p><strong>MODALIDADES, DURACI\u00d3N DEL TRATAMIENTO Y ALMACENAMIENTO DE LOS DATOS<\/strong><\/p>\n<p>Los datos personales se procesan por medios manuales y automatizados, de conformidad con los requisitos del Reglamento. Casa Balata, en pleno cumplimiento del Art. 5.1 e) del GDPR, procesar\u00e1 los datos proporcionados por usted en el sitio durante toda la duraci\u00f3n de los servicios solicitados. Estos datos se conservar\u00e1n \u00fanicamente durante el tiempo necesario para lograr el prop\u00f3sito para el que fueron recopilados, a menos que la ley exija lo contrario. Posteriormente, los datos personales ser\u00e1n eliminados. Las cookies gestionadas por terceros tienen la duraci\u00f3n indicada en sus respectivas Pol\u00edticas de Cookies.<br \/>\nMediante la adopci\u00f3n de medidas de seguridad adecuadas y preventivas, los datos personales objeto de tratamiento se almacenar\u00e1n de forma que se reduzcan al m\u00ednimo los riesgos de destrucci\u00f3n o p\u00e9rdida, incluso accidental, de los propios datos, de acceso no autorizado o de tratamiento no permitido o no conforme con los fines de la recogida.<br \/>\nLa base jur\u00eddica para el tratamiento de datos personales es la prestaci\u00f3n de un servicio o la respuesta a una solicitud en nombre del interesado.<\/p>\n<p><strong>TRANSFERENCIA DE DATOS AL EXTRANJERO<\/strong><\/p>\n<p>El responsable del tratamiento tratar\u00e1 sus datos personales en el territorio de la Uni\u00f3n Europea.<\/p>\n<p>En caso de que, por razones t\u00e9cnicas, operativas o de marketing, fuera necesario recurrir a entidades situadas fuera de la Uni\u00f3n Europea o transferir algunos de los datos recogidos a sistemas y servicios t\u00e9cnicos gestionados en la nube y situados fuera del espacio de la Uni\u00f3n Europea, el tratamiento se regular\u00e1 de conformidad con el cap\u00edtulo V del Reglamento y se autorizar\u00e1 sobre la base de decisiones espec\u00edficas de la Uni\u00f3n Europea. Por lo tanto, se tomar\u00e1n todas las precauciones necesarias para garantizar la m\u00e1s completa protecci\u00f3n de los datos personales, basando dicha transferencia: a) en decisiones de adecuaci\u00f3n expresadas por la Comisi\u00f3n Europea; b) en garant\u00edas adecuadas expresadas por el tercero destinatario de conformidad con el art\u00edculo 46 del Reglamento; c) en la adopci\u00f3n de normas corporativas vinculantes.<\/p>\n<p><strong>DERECHOS DE LOS INTERESADOS<\/strong><\/p>\n<ul>\n<li>Derecho de acceso (Art. 15 GDPR). Derecho del interesado a acceder a sus datos y a presentar una reclamaci\u00f3n ante la autoridad de control;<br \/>\n- Derecho de rectificaci\u00f3n (Art. 16 GDPR). Derecho del interesado a obtener del responsable del tratamiento la rectificaci\u00f3n de los datos personales inexactos que le conciernan;<br \/>\n- Derecho de supresi\u00f3n (derecho al olvido) (art. 17 del RGPD). El interesado tiene derecho a obtener del responsable del tratamiento la supresi\u00f3n de los datos personales que le conciernan sin dilaciones indebidas;<br \/>\n- Derecho a la limitaci\u00f3n del tratamiento (Art. 18 GDPR). Derecho del interesado a obtener la limitaci\u00f3n del tratamiento de datos;<br \/>\n- Obligaci\u00f3n de notificaci\u00f3n (art. 19 del RGPD). El responsable del tratamiento notificar\u00e1 a cada uno de los destinatarios a los que se hayan transmitido los datos personales toda rectificaci\u00f3n o supresi\u00f3n o limitaci\u00f3n del tratamiento efectuada con arreglo a los art\u00edculos 16; 17; 18;<br \/>\n- Derecho a la portabilidad de los datos (Art. 20 GDPR). El interesado tiene derecho a recibir los datos personales que le conciernan facilitados al responsable del tratamiento y tiene derecho a transmitir dichos datos a otro responsable del tratamiento sin impedimentos por parte del responsable del tratamiento;<br \/>\n- Derecho de oposici\u00f3n (Art. 21 GDPR). Derecho del interesado a oponerse al tratamiento de sus datos personales;<br \/>\n- Elaboraci\u00f3n de perfiles (Art. 22 GDPR). El interesado tiene derecho a no ser objeto de una decisi\u00f3n basada \u00fanicamente en el tratamiento automatizado, incluida la elaboraci\u00f3n de perfiles o que afecte significativamente a su persona.<\/li>\n<\/ul>\n<p>En relaci\u00f3n con el tratamiento de datos personales, el interesado puede ponerse en contacto con el responsable del tratamiento escribiendo a la direcci\u00f3n de correo electr\u00f3nico\u00a0<u><a href=\"mailto:casabalata.ag@gmail.com\">casabalata.ag@gmail.com<\/a><\/u>En concreto, puede solicitar el acceso, la rectificaci\u00f3n, la actualizaci\u00f3n, el bloqueo, la revocaci\u00f3n del consentimiento de conformidad con la legislaci\u00f3n aplicable, la limitaci\u00f3n del tratamiento, la portabilidad de los datos y la supresi\u00f3n de los datos. Por \u00faltimo, le recordamos que tiene derecho a presentar una reclamaci\u00f3n ante la Autoridad de Control, a la que puede dirigirse en la direcci\u00f3n siguiente\u00a0<a href=\"mailto:garante@gpdp.it\">garante@gpdp.it<\/a>\u00a0o a trav\u00e9s del\u00a0<a href=\"http:\/\/www.gpdp.it\/\">http:\/\/www.gpdp.it<\/a>.<\/p>\n<p><strong>POL\u00cdTICA DE COOKIES<\/strong><\/p>\n<p>El sitio web utiliza cookies y otras tecnolog\u00edas para garantizar el correcto funcionamiento de los procedimientos y mejorar el uso de las aplicaciones. Las cookies son archivos de texto que se colocan en el disco duro de un ordenador. La funci\u00f3n de las cookies es agilizar el an\u00e1lisis del tr\u00e1fico web y\/o indicar cu\u00e1ndo se visita un sitio concreto y permitir que las aplicaciones web env\u00eden informaci\u00f3n a los usuarios individuales.<\/p>\n<p>Casa Balata usos:<\/p>\n<ul>\n<li><strong> Cookies \"t\u00e9cnicas<\/strong><br \/>\nCookies funcionales de navegaci\u00f3n que garantizan la exploraci\u00f3n segura y completa del sitio. Esta categor\u00eda incluye cookies persistentes y cookies de sesi\u00f3n. En ausencia de estas cookies, es posible que el sitio o algunas partes del mismo no funcionen correctamente. Se utilizan siempre, independientemente de las preferencias del usuario. Las cookies de este tipo se env\u00edan siempre desde nuestro dominio. La duraci\u00f3n de estas cookies se limita estrictamente a la sesi\u00f3n de trabajo o utilizan un tiempo de permanencia m\u00e1s largo con el fin de recordar las elecciones del visitante. La desactivaci\u00f3n de las cookies estrictamente necesarias puede afectar al usuario y a la experiencia de navegaci\u00f3n por el sitio web.<\/li>\n<li><strong> Cookies \"anal\u00edticas<\/strong><br \/>\nCookies utilizadas para recopilar y analizar de forma an\u00f3nima el tr\u00e1fico y el uso del sitio web. Se trata de cookies de terceros recopiladas y gestionadas de forma an\u00f3nima para supervisar y mejorar el rendimiento del sitio anfitri\u00f3n (cookies de rendimiento). Aunque estas cookies no identifican al usuario, nos permiten detectar si el mismo usuario vuelve en diferentes ocasiones. Tambi\u00e9n permiten supervisar el sistema y mejorar su rendimiento y usabilidad. Estas cookies pueden desactivarse sin p\u00e9rdida de funcionalidad. Para m\u00e1s informaci\u00f3n sobre la pol\u00edtica de cookies de Google, consulte el siguiente enlace:\u00a0<a href=\"http:\/\/www.google.com\/intl\/it_ALL\/analytics\/learn\/privacy.html\">http:\/\/www.google.com\/intl\/it_ALL\/analytics\/learn\/privacy.html<\/a><\/li>\n<\/ul>\n<p>Puede inhabilitar selectivamente la acci\u00f3n de Google Analytics instalando en su navegador el componente de inhabilitaci\u00f3n proporcionado por Google. Para inhabilitar la acci\u00f3n de Google Analytics, consulte el siguiente enlace:\u00a0<a href=\"https:\/\/tools.google.com\/dlpage\/gaoptout\">https:\/\/tools.google.com\/dlpage\/gaoptout<\/a><\/p>\n<ul>\n<li><strong> cookies de plugins sociales de terceros<\/strong>:<br \/>\nAl visitar un sitio web puede recibir cookies del sitio que visita (\"propietarios\") o de sitios gestionados por otras organizaciones (\"terceros\"). Se trata de partes de la p\u00e1gina visitada generadas directamente por estos sitios e integradas en la p\u00e1gina del sitio anfitri\u00f3n. El uso m\u00e1s habitual de los plugins sociales es compartir contenidos en las redes sociales. La presencia de estos plugins implica la transmisi\u00f3n de cookies hacia y desde todos los sitios operados por terceros. La gesti\u00f3n de la informaci\u00f3n recopilada por \"terceros\" se rige por las pol\u00edticas pertinentes a las que puede remitirse.<\/li>\n<\/ul>\n<p>En aras de la transparencia y la comodidad, a continuaci\u00f3n se indican las direcciones web de las distintas pol\u00edticas y m\u00e9todos de gesti\u00f3n de cookies.<br \/>\nTrip Advisor:\u00a0<a href=\"https:\/\/www.tripadvisor.it\/CookiePolicy\">https:\/\/www.tripadvisor.it\/CookiePolicy<\/a><br \/>\nInstagram:\u00a0<a href=\"https:\/\/help.instagram.com\/1896641480634370?ref=ig\">https:\/\/help.instagram.com\/1896641480634370?ref=ig<\/a><br \/>\nFacebook:\u00a0<a href=\"https:\/\/it-it.facebook.com\/policies\/cookies\/\">https:\/\/it-it.facebook.com\/policies\/cookies\/<\/a><br \/>\nYou Tube:\u00a0<a href=\"https:\/\/policies.google.com\/technologies\/cookies?hl=it\">https:\/\/policies.google.com\/technologies\/cookies?hl=it<\/a><\/p>\n<p><strong>Cookies publicitarias (remarketing, segmentaci\u00f3n y targeting) de Google y Facebook.<\/strong><br \/>\nCookies cuya finalidad es proporcionar al usuario espacios publicitarios que pueden ser instalados por terceros. Algunas se utilizan para reconocer anuncios individuales y saber cu\u00e1les se han mostrado y cu\u00e1ndo, lo que permite que aparezcan banners y\/o anuncios relacionados con determinados productos al visitar otros sitios afiliados en funci\u00f3n del historial de navegaci\u00f3n del usuario. Los usuarios reciben un identificador t\u00e9cnico, pero en ning\u00fan caso se recogen datos de identificaci\u00f3n personal como el nombre o la direcci\u00f3n del usuario.<\/p>\n<p>Otras cookies publicitarias se utilizan para hipotetizar un \"perfil\" de navegaci\u00f3n del usuario, con el fin de poder proponerle mensajes publicitarios acordes con su comportamiento e intereses en la web. Este \"perfil\" es an\u00f3nimo y la informaci\u00f3n recogida a trav\u00e9s de estas cookies no permite rastrear la identidad del usuario.<\/p>\n<p>En particular, el uso de \"<strong>Google Analytics<\/strong>\" y \"<strong>Anuncios en Facebook<\/strong>\", incluida la denominada \"funci\u00f3n publicitaria\".<\/p>\n<p>Se trata de un servicio de an\u00e1lisis web prestado por Google y Facebook, que utilizan cookies anal\u00edticas que se instalan en el ordenador del usuario para realizar an\u00e1lisis estad\u00edsticos de forma agregada sobre el uso del sitio web visitado, as\u00ed como para permitir la elaboraci\u00f3n de perfiles de los visitantes de los Sitios (que se identifican mediante \"cookies de seguimiento\") sobre la base de la informaci\u00f3n contenida en sus \"cookies publicitarias\", que se refieren a tres categor\u00edas: grupo de edad, sexo, segmentos de marketing.<\/p>\n<p>En la p\u00e1gina web\u00a0<a href=\"https:\/\/www.google.com\/analytics\/learn\/privacy.html?hl=it\">https:\/\/www.google.com\/analytics\/learn\/privacy.html?hl=it<\/a>\u00a0m\u00e1s informaci\u00f3n sobre el servicio de Google.<br \/>\nEn la p\u00e1gina web\u00a0<a href=\"https:\/\/tripadvisor.mediaroom.com\/IT-privacy-policy\">https:\/\/tripadvisor.mediaroom.com\/IT-privacy-policy<\/a>\u00a0puedes encontrar m\u00e1s informaci\u00f3n sobre el servicio de TripAdvisor.<br \/>\nEn la p\u00e1gina web\u00a0<a href=\"https:\/\/it-it.facebook.com\/privacy\/explanation\">https:\/\/it-it.facebook.com\/privacy\/explanation<\/a>\u00a0puedes encontrar m\u00e1s informaci\u00f3n sobre el servicio de Facebook.<br \/>\nPol\u00edtica de privacidad de Google,\u00a0<a href=\"http:\/\/www.google.com\/intl\/it\/policies\/privacy\/\">http:\/\/www.google.com\/intl\/it\/policies\/privacy\/<\/a>Inc. regula el tratamiento de los datos personales de los usuarios que utilizan los productos y servicios de Google. Para consultar la pol\u00edtica de privacidad de Google Inc, responsable aut\u00f3nomo del tratamiento de los datos del servicio Google Analytics, consulte el siguiente enlace:\u00a0<a href=\"http:\/\/www.google.com\/intl\/it\/analytics\/privacyoverview.html\">http:\/\/www.google.com\/intl\/it\/analytics\/privacyoverview.html<\/a>\u00a0La lista de cookies utilizadas por Google Analytics puede consultarse en la siguiente direcci\u00f3n:\u00a0<a href=\"https:\/\/developers.google.com\/analytics\/devguides\/collection\/analyticsjs\/cookie-usage\">https:\/\/developers.google.com\/analytics\/devguides\/collection\/analyticsjs\/cookie-usage<\/a>.<\/p>\n<p>Los usuarios pueden decidir si aceptan o no las cookies mediante la configuraci\u00f3n de su navegador.<\/p>\n<p><strong>DESACTIVACI\u00d3N TOTAL O PARCIAL DE LAS COOKIES<\/strong><\/p>\n<p>La desactivaci\u00f3n total o parcial de las cookies t\u00e9cnicas puede comprometer el uso de las funciones del sitio reservadas a los usuarios registrados. La utilizaci\u00f3n de los contenidos p\u00fablicos tambi\u00e9n es posible deshabilitando totalmente las cookies. La desactivaci\u00f3n de las cookies de \"terceros\" o de elaboraci\u00f3n de perfiles no afecta a la navegabilidad del sitio. La configuraci\u00f3n puede definirse espec\u00edficamente para diferentes sitios y aplicaciones web. De hecho, los mejores navegadores permiten definir configuraciones diferentes para las cookies \"propias\" y las \"de terceros\". A continuaci\u00f3n indicamos c\u00f3mo proceder para desactivar las cookies a trav\u00e9s de algunos navegadores.<br \/>\n<strong>Google Chrome<\/strong><br \/>\n1. Seleccione el icono de men\u00fa de Chrome.<br \/>\n2. Seleccione Ajustes.<br \/>\n3. En la parte inferior de la p\u00e1gina, seleccione Mostrar configuraci\u00f3n avanzada.<br \/>\n4. En la secci\u00f3n \"Privacidad\", seleccione Configuraci\u00f3n de contenido.<br \/>\n5. Seleccione Impedir que los sitios configuren datos.<br \/>\n6. Seleccione Finalizar.<br \/>\n<strong>Safari<\/strong><br \/>\n1. Vaya al men\u00fa Safari (icono superior derecho del navegador) y seleccione Preferencias.<br \/>\n2. En la ventana emergente que se abre, seleccione el icono Seguridad (en forma de candado).<br \/>\n3. En \"Aceptar cookies\", seleccione el bot\u00f3n \"Nunca\".<br \/>\n<strong>Firefox<\/strong><br \/>\n1. Haga clic en el bot\u00f3n de men\u00fa y seleccione Opciones.<br \/>\n2. Seleccione el panel Privacidad.<br \/>\n3. En Configuraci\u00f3n del historial: seleccione Usar configuraci\u00f3n personalizada.<br \/>\n4. Para activar las cookies, marque la opci\u00f3n Aceptar cookies de sitios; para desactivarlas, desmarque la opci\u00f3n.<br \/>\n<strong>Explorador<\/strong><br \/>\n1. Vaya al men\u00fa Explorador y haga clic en el bot\u00f3n Configuraci\u00f3n y, a continuaci\u00f3n, en Opciones avanzadas.<br \/>\n2. Haga clic en la pesta\u00f1a Cookies, mueva el control deslizante hacia arriba para bloquear todas las cookies o hacia abajo para permitir todas las cookies y, a continuaci\u00f3n, haga clic en Aceptar.<\/p>\n<p><strong>SUMINISTRO FACULTATIVO DE DATOS<\/strong><\/p>\n<p>Aparte de lo especificado para los datos de navegaci\u00f3n, el usuario es libre de proporcionar datos personales para solicitar los servicios ofrecidos por la empresa. El hecho de no facilitarlos puede suponer la imposibilidad de obtener el servicio solicitado.<\/p>","protected":false},"excerpt":{"rendered":"<p>Privacy &amp; Cookies Policy Informativa sulla Privacy e cookies policy Modalit\u00e0 di gestione del sito internet\u00a0www.casabalata.it TRATTAMENTO DEI DATI PERSONALI. [&hellip;]<\/p>\n","protected":false},"author":8,"featured_media":0,"parent":0,"menu_order":0,"comment_status":"closed","ping_status":"closed","template":"","meta":{"_acf_changed":false,"_seopress_robots_primary_cat":"","_seopress_titles_title":"Cookie Policy | %%sitetitle%%","_seopress_titles_desc":"","_seopress_robots_index":"","iawp_total_views":29,"footnotes":""},"class_list":["post-1501","page","type-page","status-publish","hentry"],"acf":[],"_links":{"self":[{"href":"https:\/\/casabalata.it\/es\/wp-json\/wp\/v2\/pages\/1501","targetHints":{"allow":["GET"]}}],"collection":[{"href":"https:\/\/casabalata.it\/es\/wp-json\/wp\/v2\/pages"}],"about":[{"href":"https:\/\/casabalata.it\/es\/wp-json\/wp\/v2\/types\/page"}],"author":[{"embeddable":true,"href":"https:\/\/casabalata.it\/es\/wp-json\/wp\/v2\/users\/8"}],"replies":[{"embeddable":true,"href":"https:\/\/casabalata.it\/es\/wp-json\/wp\/v2\/comments?post=1501"}],"version-history":[{"count":2,"href":"https:\/\/casabalata.it\/es\/wp-json\/wp\/v2\/pages\/1501\/revisions"}],"predecessor-version":[{"id":2598,"href":"https:\/\/casabalata.it\/es\/wp-json\/wp\/v2\/pages\/1501\/revisions\/2598"}],"wp:attachment":[{"href":"https:\/\/casabalata.it\/es\/wp-json\/wp\/v2\/media?parent=1501"}],"curies":[{"name":"wp","href":"https:\/\/api.w.org\/{rel}","templated":true}]}}